{"id":99,"date":"2016-05-23T12:32:20","date_gmt":"2016-05-23T10:32:20","guid":{"rendered":"http:\/\/wp.gti-muenchen.de\/?page_id=99"},"modified":"2016-07-13T16:11:15","modified_gmt":"2016-07-13T14:11:15","slug":"systeme","status":"publish","type":"page","link":"https:\/\/www.gti-muenchen.de\/home\/ingenieurleistungen\/systeme\/","title":{"rendered":"Systeme"},"content":{"rendered":"<p>Von der Idee \u00fcber die ersten Systementw\u00fcrfe bis zur Auslieferung des Systems &#8211; wir unterst\u00fctzen Sie in allen Phasen der Systementwicklung.<\/p>\n<p>Unsere Systemingenieure haben viele Jahre Erfahrung und wissen, wie Systemanforderungen, Systementwurf, Implementierung und Test ineinander greifen.<\/p>\n<p>Am Anfang stehen Ihre Vorstellungen und die Bed\u00fcrfnisse Ihrer Kunden und Anwender. Wir unterst\u00fctzen Sie bei der Erfassung von Anforderungen und erstellen das Lastenheft. Auf Grundlage der von unseren Kunden formulierten Anforderungen analysieren wir f\u00fcr Sie Machbarkeit und Vorgehensweise und schreiben Ihr Pflichtenheft. Dabei ber\u00fccksichtigen wir geltende Standards, Normen und Unternehmensrichtlinien.<\/p>\n<p>F\u00fcr den Systementwurf b\u00fcndeln wir in unserem Haus Hardware- und Software-Kompetenz. Unser Ziel ist eine langlebige Systemarchitektur, d.h. eine Strukturierung in Systemkomponenten,\u00a0die bei k\u00fcnftigen \u00c4nderungen stabil bleibt. Mit der Spezifikation der Systemarchitektur, sowie der Hardware- und Software-Komponenten sichern wir die Grundlage f\u00fcr die weitere Entwicklung.<\/p>\n","protected":false},"excerpt":{"rendered":"<p>Von der Idee \u00fcber die ersten Systementw\u00fcrfe bis zur Auslieferung des Systems &#8211; wir unterst\u00fctzen Sie in allen Phasen der Systementwicklung. Unsere Systemingenieure haben viele Jahre Erfahrung und wissen, wie Systemanforderungen, Systementwurf, Implementierung und Test ineinander greifen. Am Anfang stehen Ihre Vorstellungen und die Bed\u00fcrfnisse Ihrer Kunden und Anwender. Wir unterst\u00fctzen Sie bei der Erfassung [&hellip;]<\/p>\n","protected":false},"author":1,"featured_media":701,"parent":147,"menu_order":0,"comment_status":"closed","ping_status":"closed","template":"page-templates\/front-page.php","meta":{"_mi_skip_tracking":false},"aioseo_notices":[],"_links":{"self":[{"href":"https:\/\/www.gti-muenchen.de\/home\/wp-json\/wp\/v2\/pages\/99"}],"collection":[{"href":"https:\/\/www.gti-muenchen.de\/home\/wp-json\/wp\/v2\/pages"}],"about":[{"href":"https:\/\/www.gti-muenchen.de\/home\/wp-json\/wp\/v2\/types\/page"}],"author":[{"embeddable":true,"href":"https:\/\/www.gti-muenchen.de\/home\/wp-json\/wp\/v2\/users\/1"}],"replies":[{"embeddable":true,"href":"https:\/\/www.gti-muenchen.de\/home\/wp-json\/wp\/v2\/comments?post=99"}],"version-history":[{"count":34,"href":"https:\/\/www.gti-muenchen.de\/home\/wp-json\/wp\/v2\/pages\/99\/revisions"}],"predecessor-version":[{"id":873,"href":"https:\/\/www.gti-muenchen.de\/home\/wp-json\/wp\/v2\/pages\/99\/revisions\/873"}],"up":[{"embeddable":true,"href":"https:\/\/www.gti-muenchen.de\/home\/wp-json\/wp\/v2\/pages\/147"}],"wp:featuredmedia":[{"embeddable":true,"href":"https:\/\/www.gti-muenchen.de\/home\/wp-json\/wp\/v2\/media\/701"}],"wp:attachment":[{"href":"https:\/\/www.gti-muenchen.de\/home\/wp-json\/wp\/v2\/media?parent=99"}],"curies":[{"name":"wp","href":"https:\/\/api.w.org\/{rel}","templated":true}]}}