{"id":77,"date":"2016-05-18T13:32:40","date_gmt":"2016-05-18T11:32:40","guid":{"rendered":"http:\/\/wp.gti-muenchen.de\/?page_id=77"},"modified":"2016-07-13T16:15:03","modified_gmt":"2016-07-13T14:15:03","slug":"hardware","status":"publish","type":"page","link":"https:\/\/www.gti-muenchen.de\/home\/ingenieurleistungen\/hardware\/","title":{"rendered":"Hardware"},"content":{"rendered":"<p>Embedded Systems aus einer Hand &#8211; mit diesem Ziel haben wir den Bereich der Hardware-Entwicklung in unserem Haus aufgebaut. Wir bieten unseren Kunden folgende Leistungen:<\/p>\n<ul>\n<li>Review von Hardware und Entwicklungsunterlagen<\/li>\n<li>Optimierung von Hardware-Design<\/li>\n<li>Entwicklung von Schaltpl\u00e4nen und Layouts<\/li>\n<li>Pr\u00fcfung und Inbetriebnahme von Mustern<\/li>\n<\/ul>\n<p>In Zusammenarbeit mit unseren bew\u00e4hrten Partnern bieten wir zus\u00e4tzlich die Fertigung von Mustern und Kleinserien an.<\/p>\n","protected":false},"excerpt":{"rendered":"<p>Embedded Systems aus einer Hand &#8211; mit diesem Ziel haben wir den Bereich der Hardware-Entwicklung in unserem Haus aufgebaut. Wir bieten unseren Kunden folgende Leistungen: Review von Hardware und Entwicklungsunterlagen Optimierung von Hardware-Design Entwicklung von Schaltpl\u00e4nen und Layouts Pr\u00fcfung und Inbetriebnahme von Mustern In Zusammenarbeit mit unseren bew\u00e4hrten Partnern bieten wir zus\u00e4tzlich die Fertigung von [&hellip;]<\/p>\n","protected":false},"author":1,"featured_media":698,"parent":147,"menu_order":0,"comment_status":"closed","ping_status":"closed","template":"page-templates\/front-page.php","meta":{"_mi_skip_tracking":false},"aioseo_notices":[],"_links":{"self":[{"href":"https:\/\/www.gti-muenchen.de\/home\/wp-json\/wp\/v2\/pages\/77"}],"collection":[{"href":"https:\/\/www.gti-muenchen.de\/home\/wp-json\/wp\/v2\/pages"}],"about":[{"href":"https:\/\/www.gti-muenchen.de\/home\/wp-json\/wp\/v2\/types\/page"}],"author":[{"embeddable":true,"href":"https:\/\/www.gti-muenchen.de\/home\/wp-json\/wp\/v2\/users\/1"}],"replies":[{"embeddable":true,"href":"https:\/\/www.gti-muenchen.de\/home\/wp-json\/wp\/v2\/comments?post=77"}],"version-history":[{"count":31,"href":"https:\/\/www.gti-muenchen.de\/home\/wp-json\/wp\/v2\/pages\/77\/revisions"}],"predecessor-version":[{"id":875,"href":"https:\/\/www.gti-muenchen.de\/home\/wp-json\/wp\/v2\/pages\/77\/revisions\/875"}],"up":[{"embeddable":true,"href":"https:\/\/www.gti-muenchen.de\/home\/wp-json\/wp\/v2\/pages\/147"}],"wp:featuredmedia":[{"embeddable":true,"href":"https:\/\/www.gti-muenchen.de\/home\/wp-json\/wp\/v2\/media\/698"}],"wp:attachment":[{"href":"https:\/\/www.gti-muenchen.de\/home\/wp-json\/wp\/v2\/media?parent=77"}],"curies":[{"name":"wp","href":"https:\/\/api.w.org\/{rel}","templated":true}]}}