{"id":75,"date":"2016-05-18T13:30:42","date_gmt":"2016-05-18T11:30:42","guid":{"rendered":"http:\/\/wp.gti-muenchen.de\/?page_id=75"},"modified":"2016-06-07T14:46:22","modified_gmt":"2016-06-07T12:46:22","slug":"software","status":"publish","type":"page","link":"https:\/\/www.gti-muenchen.de\/home\/ingenieurleistungen\/software\/","title":{"rendered":"Software"},"content":{"rendered":"<p>Wir entwickeln Embedded Software-Komponenten nach Ihren Anforderungen &#8211; seien es Hardware-Treiber oder Applikationen. So wie es in ihrem Projekt erforderlich ist, erfassen wir Ihre Software-Anforderungen, dokumentieren die Software-Architektur, implementieren oder testen Ihre Software-Komponenten.<\/p>\n<p>F\u00fcr Steuerger\u00e4te-Anwendungen der Automobilbranche bieten wir Gesamtl\u00f6sungen bestehend aus<\/p>\n<ul>\n<li>Basis-Software (Echtzeitbetriebssystem und Hardware-Treibern)<\/li>\n<li>Anwendungssoftware<\/li>\n<\/ul>\n<p>Grundlage f\u00fcr die Architektur von Basis-Software in der Automobilbranche ist AUTOSAR. Wir verf\u00fcgen \u00fcber langj\u00e4hrige Erfahrung mit der Konfiguration und Integration von AUTOSAR-Komponenten und der Entwicklung von Applikationen mit AUTOSAR-Schnittstellen.<\/p>\n<p>Anwendungssoftware entwickeln wir konventionell auf Basis von Source-Code oder mit modellbasierten Entwicklungsmethoden.<\/p>\n<p>&nbsp;<\/p>\n","protected":false},"excerpt":{"rendered":"<p>Wir entwickeln Embedded Software-Komponenten nach Ihren Anforderungen &#8211; seien es Hardware-Treiber oder Applikationen. So wie es in ihrem Projekt erforderlich ist, erfassen wir Ihre Software-Anforderungen, dokumentieren die Software-Architektur, implementieren oder testen Ihre Software-Komponenten. F\u00fcr Steuerger\u00e4te-Anwendungen der Automobilbranche bieten wir Gesamtl\u00f6sungen bestehend aus Basis-Software (Echtzeitbetriebssystem und Hardware-Treibern) Anwendungssoftware Grundlage f\u00fcr die Architektur von Basis-Software in der [&hellip;]<\/p>\n","protected":false},"author":1,"featured_media":696,"parent":147,"menu_order":0,"comment_status":"closed","ping_status":"closed","template":"page-templates\/front-page.php","meta":{"_mi_skip_tracking":false},"aioseo_notices":[],"_links":{"self":[{"href":"https:\/\/www.gti-muenchen.de\/home\/wp-json\/wp\/v2\/pages\/75"}],"collection":[{"href":"https:\/\/www.gti-muenchen.de\/home\/wp-json\/wp\/v2\/pages"}],"about":[{"href":"https:\/\/www.gti-muenchen.de\/home\/wp-json\/wp\/v2\/types\/page"}],"author":[{"embeddable":true,"href":"https:\/\/www.gti-muenchen.de\/home\/wp-json\/wp\/v2\/users\/1"}],"replies":[{"embeddable":true,"href":"https:\/\/www.gti-muenchen.de\/home\/wp-json\/wp\/v2\/comments?post=75"}],"version-history":[{"count":26,"href":"https:\/\/www.gti-muenchen.de\/home\/wp-json\/wp\/v2\/pages\/75\/revisions"}],"predecessor-version":[{"id":483,"href":"https:\/\/www.gti-muenchen.de\/home\/wp-json\/wp\/v2\/pages\/75\/revisions\/483"}],"up":[{"embeddable":true,"href":"https:\/\/www.gti-muenchen.de\/home\/wp-json\/wp\/v2\/pages\/147"}],"wp:featuredmedia":[{"embeddable":true,"href":"https:\/\/www.gti-muenchen.de\/home\/wp-json\/wp\/v2\/media\/696"}],"wp:attachment":[{"href":"https:\/\/www.gti-muenchen.de\/home\/wp-json\/wp\/v2\/media?parent=75"}],"curies":[{"name":"wp","href":"https:\/\/api.w.org\/{rel}","templated":true}]}}