{"id":44,"date":"2016-05-18T12:37:17","date_gmt":"2016-05-18T10:37:17","guid":{"rendered":"http:\/\/wp.gti-muenchen.de\/?page_id=44"},"modified":"2016-06-03T12:14:23","modified_gmt":"2016-06-03T10:14:23","slug":"gti-team","status":"publish","type":"page","link":"https:\/\/www.gti-muenchen.de\/home\/unternehmen\/gti-team\/","title":{"rendered":"Mitarbeiter"},"content":{"rendered":"<p>Die F\u00e4higkeiten und das Wissen unserer Mitarbeiter sind die Grundlage f\u00fcr unseren Erfolg. Die GTI besch\u00e4ftigt Mitarbeiter mit Qualifikationen in unterschiedlichen Bereichen, darunter Ingenieure, Informatiker, Mathematiker, Physiker und Betriebswirte.<\/p>\n<p>Wir bieten unseren Mitarbeitern Freiraum f\u00fcr fachliche Entwicklung und f\u00f6rdern Innovation und Initiative. Viele gute Ideen sind auf diese Weise entstanden und bilden die Grundlage f\u00fcr unsere erfolgreichen Produkte.<\/p>\n<p>Das Erfolgsrezept unseres Teams ist einfach: Wertsch\u00e4tzung und offene Kommunikation.<\/p>\n<p>&nbsp;<\/p>\n","protected":false},"excerpt":{"rendered":"<p>Die F\u00e4higkeiten und das Wissen unserer Mitarbeiter sind die Grundlage f\u00fcr unseren Erfolg. Die GTI besch\u00e4ftigt Mitarbeiter mit Qualifikationen in unterschiedlichen Bereichen, darunter Ingenieure, Informatiker, Mathematiker, Physiker und Betriebswirte. Wir bieten unseren Mitarbeitern Freiraum f\u00fcr fachliche Entwicklung und f\u00f6rdern Innovation und Initiative. Viele gute Ideen sind auf diese Weise entstanden und bilden die Grundlage f\u00fcr [&hellip;]<\/p>\n","protected":false},"author":1,"featured_media":607,"parent":289,"menu_order":0,"comment_status":"closed","ping_status":"closed","template":"page-templates\/front-page.php","meta":{"_mi_skip_tracking":false},"aioseo_notices":[],"_links":{"self":[{"href":"https:\/\/www.gti-muenchen.de\/home\/wp-json\/wp\/v2\/pages\/44"}],"collection":[{"href":"https:\/\/www.gti-muenchen.de\/home\/wp-json\/wp\/v2\/pages"}],"about":[{"href":"https:\/\/www.gti-muenchen.de\/home\/wp-json\/wp\/v2\/types\/page"}],"author":[{"embeddable":true,"href":"https:\/\/www.gti-muenchen.de\/home\/wp-json\/wp\/v2\/users\/1"}],"replies":[{"embeddable":true,"href":"https:\/\/www.gti-muenchen.de\/home\/wp-json\/wp\/v2\/comments?post=44"}],"version-history":[{"count":20,"href":"https:\/\/www.gti-muenchen.de\/home\/wp-json\/wp\/v2\/pages\/44\/revisions"}],"predecessor-version":[{"id":615,"href":"https:\/\/www.gti-muenchen.de\/home\/wp-json\/wp\/v2\/pages\/44\/revisions\/615"}],"up":[{"embeddable":true,"href":"https:\/\/www.gti-muenchen.de\/home\/wp-json\/wp\/v2\/pages\/289"}],"wp:featuredmedia":[{"embeddable":true,"href":"https:\/\/www.gti-muenchen.de\/home\/wp-json\/wp\/v2\/media\/607"}],"wp:attachment":[{"href":"https:\/\/www.gti-muenchen.de\/home\/wp-json\/wp\/v2\/media?parent=44"}],"curies":[{"name":"wp","href":"https:\/\/api.w.org\/{rel}","templated":true}]}}