{"id":40,"date":"2016-05-18T12:32:46","date_gmt":"2016-05-18T10:32:46","guid":{"rendered":"http:\/\/wp.gti-muenchen.de\/?page_id=40"},"modified":"2016-06-08T09:17:27","modified_gmt":"2016-06-08T07:17:27","slug":"impressum","status":"publish","type":"page","link":"https:\/\/www.gti-muenchen.de\/home\/impressum\/","title":{"rendered":"Impressum"},"content":{"rendered":"<p><a title=\"www.gti-muenchen.de\" href=\"http:\/\/www.gti-muenchen.de\" target=\"_self\">http:\/\/gti-muenchen.de\/<\/a> ist ein Dienst der Firma<\/p>\n<p>Gesellschaft f\u00fcr Technische Informatik mbH<br \/>\nAdelheidstra\u00dfe 6<br \/>\n80798 M\u00fcnchen<br \/>\nTelefon +49 89 189308-0<br \/>\nTelefax +49 89 189308-27<\/p>\n<p>Gesch\u00e4ftsf\u00fchrung Otfried Freigang<\/p>\n<p>Eingetragen im Handelsregister beim Amtsgericht M\u00fcnchen unter der Nummer HRB 78981.<\/p>\n<p>Die Umsatzsteueridentifikationsnummer lautet DE129363912.<\/p>\n<h3>Unternehmensrichtlinien<\/h3>\n<p>Dokumente mit den Richtlinien unserer Unternehmensf\u00fchrung stehen als Download zur Verf\u00fcgung.<\/p>\n<ul>\n<li><a href=\"http:\/\/www.gti-muenchen.de\/wp-content\/uploads\/2016\/05\/Code-of-Conduct-GTI.pdf\">Unternehmensf\u00fchrung<\/a><\/li>\n<li><a href=\"\/wp-content\/uploads\/2016\/05\/Corporate-Social-Responsibility-GTI.pdf\">Soziale Verantwortung<\/a><\/li>\n<li><a href=\"\/wp-content\/uploads\/2016\/05\/Work-Procedures-GTI.pdf\">Arbeitsschutz<\/a><\/li>\n<li><a href=\"\/wp-content\/uploads\/2016\/05\/Environmental-Policy-GTI.pdf\">Umweltschutz Richtlinien<\/a><\/li>\n<li><a href=\"\/wp-content\/uploads\/2016\/05\/EMS-GTI.pdf\">Umweltschutz Management<\/a><\/li>\n<\/ul>\n","protected":false},"excerpt":{"rendered":"<p>http:\/\/gti-muenchen.de\/ ist ein Dienst der Firma Gesellschaft f\u00fcr Technische Informatik mbH Adelheidstra\u00dfe 6 80798 M\u00fcnchen Telefon +49 89 189308-0 Telefax +49 89 189308-27 Gesch\u00e4ftsf\u00fchrung Otfried Freigang Eingetragen im Handelsregister beim Amtsgericht M\u00fcnchen unter der Nummer HRB 78981. Die Umsatzsteueridentifikationsnummer lautet DE129363912. Unternehmensrichtlinien Dokumente mit den Richtlinien unserer Unternehmensf\u00fchrung stehen als Download zur Verf\u00fcgung. Unternehmensf\u00fchrung Soziale [&hellip;]<\/p>\n","protected":false},"author":1,"featured_media":513,"parent":0,"menu_order":0,"comment_status":"closed","ping_status":"closed","template":"page-templates\/front-page.php","meta":{"_mi_skip_tracking":false},"aioseo_notices":[],"_links":{"self":[{"href":"https:\/\/www.gti-muenchen.de\/home\/wp-json\/wp\/v2\/pages\/40"}],"collection":[{"href":"https:\/\/www.gti-muenchen.de\/home\/wp-json\/wp\/v2\/pages"}],"about":[{"href":"https:\/\/www.gti-muenchen.de\/home\/wp-json\/wp\/v2\/types\/page"}],"author":[{"embeddable":true,"href":"https:\/\/www.gti-muenchen.de\/home\/wp-json\/wp\/v2\/users\/1"}],"replies":[{"embeddable":true,"href":"https:\/\/www.gti-muenchen.de\/home\/wp-json\/wp\/v2\/comments?post=40"}],"version-history":[{"count":27,"href":"https:\/\/www.gti-muenchen.de\/home\/wp-json\/wp\/v2\/pages\/40\/revisions"}],"predecessor-version":[{"id":710,"href":"https:\/\/www.gti-muenchen.de\/home\/wp-json\/wp\/v2\/pages\/40\/revisions\/710"}],"wp:featuredmedia":[{"embeddable":true,"href":"https:\/\/www.gti-muenchen.de\/home\/wp-json\/wp\/v2\/media\/513"}],"wp:attachment":[{"href":"https:\/\/www.gti-muenchen.de\/home\/wp-json\/wp\/v2\/media?parent=40"}],"curies":[{"name":"wp","href":"https:\/\/api.w.org\/{rel}","templated":true}]}}