{"id":293,"date":"2016-05-30T15:38:50","date_gmt":"2016-05-30T13:38:50","guid":{"rendered":"http:\/\/wp.gti-muenchen.de\/?page_id=293"},"modified":"2016-06-03T10:50:27","modified_gmt":"2016-06-03T08:50:27","slug":"leitbild","status":"publish","type":"page","link":"https:\/\/www.gti-muenchen.de\/home\/unternehmen\/leitbild\/","title":{"rendered":"Leitbild"},"content":{"rendered":"<h3>Unsere Vision<\/h3>\n<p>Unser Unternehmen, die Gesellschaft f\u00fcr Technische Informatik, ist ein innovativer und verl\u00e4sslicher Partner f\u00fcr die Entwicklung technischer Softwaresysteme.<\/p>\n<h3>Unsere Mission<\/h3>\n<p>Mit unseren hochwertigen Ingenieurleistungen tragen wir zur technischen Entwicklung bei. Wir helfen unseren Kunden, innovative Produkte in den Markt einzuf\u00fchren und sichern auf diese Weise ihre unmittelbaren und zuk\u00fcnftigen Erfolge.<\/p>\n<h3>Unsere Grunds\u00e4tze<\/h3>\n<p>In den gesch\u00e4ftlichen Beziehungen zu Kunden und Entwicklungspartnern pflegen wir eine langfristige Perspektive.<\/p>\n<p>Wir erwerben und erhalten das Vertrauen unserer Kunden durch offene Kommunikation und transparente Gestaltung unserer Leistungen. Wir f\u00f6rdern erfolgreiche Zusammenarbeit und die Zufriedenheit unserer Kunden, indem wir Vertragsleistungen verbindlich abstimmen.<\/p>\n<p>Es ist unser Ziel, Verbesserungspotential zu identifizieren. Wir unterst\u00fctzen unsere Kunden und Entwicklungspartner bei der Optimierung Ihrer Technologien und Arbeitsmethoden.<\/p>\n<p>In unserem Unternehmen pflegen wir einen Umgang, der von Respekt und Wertsch\u00e4tzung gepr\u00e4gt ist. Durch Verantwortungsbewusstsein und gegenseitige Unterst\u00fctzung stellen wir den gemeinsamen Erfolg sicher.<\/p>\n","protected":false},"excerpt":{"rendered":"<p>Unsere Vision Unser Unternehmen, die Gesellschaft f\u00fcr Technische Informatik, ist ein innovativer und verl\u00e4sslicher Partner f\u00fcr die Entwicklung technischer Softwaresysteme. Unsere Mission Mit unseren hochwertigen Ingenieurleistungen tragen wir zur technischen Entwicklung bei. Wir helfen unseren Kunden, innovative Produkte in den Markt einzuf\u00fchren und sichern auf diese Weise ihre unmittelbaren und zuk\u00fcnftigen Erfolge. Unsere Grunds\u00e4tze In [&hellip;]<\/p>\n","protected":false},"author":1,"featured_media":520,"parent":289,"menu_order":0,"comment_status":"closed","ping_status":"closed","template":"page-templates\/front-page.php","meta":{"_mi_skip_tracking":false},"aioseo_notices":[],"_links":{"self":[{"href":"https:\/\/www.gti-muenchen.de\/home\/wp-json\/wp\/v2\/pages\/293"}],"collection":[{"href":"https:\/\/www.gti-muenchen.de\/home\/wp-json\/wp\/v2\/pages"}],"about":[{"href":"https:\/\/www.gti-muenchen.de\/home\/wp-json\/wp\/v2\/types\/page"}],"author":[{"embeddable":true,"href":"https:\/\/www.gti-muenchen.de\/home\/wp-json\/wp\/v2\/users\/1"}],"replies":[{"embeddable":true,"href":"https:\/\/www.gti-muenchen.de\/home\/wp-json\/wp\/v2\/comments?post=293"}],"version-history":[{"count":42,"href":"https:\/\/www.gti-muenchen.de\/home\/wp-json\/wp\/v2\/pages\/293\/revisions"}],"predecessor-version":[{"id":606,"href":"https:\/\/www.gti-muenchen.de\/home\/wp-json\/wp\/v2\/pages\/293\/revisions\/606"}],"up":[{"embeddable":true,"href":"https:\/\/www.gti-muenchen.de\/home\/wp-json\/wp\/v2\/pages\/289"}],"wp:featuredmedia":[{"embeddable":true,"href":"https:\/\/www.gti-muenchen.de\/home\/wp-json\/wp\/v2\/media\/520"}],"wp:attachment":[{"href":"https:\/\/www.gti-muenchen.de\/home\/wp-json\/wp\/v2\/media?parent=293"}],"curies":[{"name":"wp","href":"https:\/\/api.w.org\/{rel}","templated":true}]}}