{"id":289,"date":"2016-05-30T15:27:36","date_gmt":"2016-05-30T13:27:36","guid":{"rendered":"http:\/\/wp.gti-muenchen.de\/?page_id=289"},"modified":"2019-01-17T11:22:28","modified_gmt":"2019-01-17T10:22:28","slug":"unternehmen","status":"publish","type":"page","link":"https:\/\/www.gti-muenchen.de\/home\/unternehmen\/","title":{"rendered":"Unternehmen"},"content":{"rendered":"<p>Informieren Sie sich \u00fcber die Gesellschaft f\u00fcr Technische Informatik<\/p>\n<ul>\n<li><a href=\"\/home\/unternehmen\/unternehmensprofil\/\">Profil<\/a> &#8211; unsere gesch\u00e4ftlichen Aktivit\u00e4ten<\/li>\n<li><a href=\"\/home\/unternehmen\/leitbild\/\">Leitbild<\/a> &#8211; unsere Ziele und Grunds\u00e4tze<\/li>\n<li><a href=\"\/home\/unternehmen\/gti-team\/\">Mitarbeiter<\/a> &#8211; unsere Qualifikation und Arbeitskultur<\/li>\n<li><a href=\"\/home\/unternehmen\/karriere\/\">Karriere<\/a> &#8211; unsere Stellenangebote<\/li>\n<\/ul>\n","protected":false},"excerpt":{"rendered":"<p>Informieren Sie sich \u00fcber die Gesellschaft f\u00fcr Technische Informatik Profil &#8211; unsere gesch\u00e4ftlichen Aktivit\u00e4ten Leitbild &#8211; unsere Ziele und Grunds\u00e4tze Mitarbeiter &#8211; unsere Qualifikation und Arbeitskultur Karriere &#8211; unsere Stellenangebote<\/p>\n","protected":false},"author":1,"featured_media":699,"parent":0,"menu_order":0,"comment_status":"closed","ping_status":"closed","template":"page-templates\/front-page.php","meta":{"_mi_skip_tracking":false},"aioseo_notices":[],"_links":{"self":[{"href":"https:\/\/www.gti-muenchen.de\/home\/wp-json\/wp\/v2\/pages\/289"}],"collection":[{"href":"https:\/\/www.gti-muenchen.de\/home\/wp-json\/wp\/v2\/pages"}],"about":[{"href":"https:\/\/www.gti-muenchen.de\/home\/wp-json\/wp\/v2\/types\/page"}],"author":[{"embeddable":true,"href":"https:\/\/www.gti-muenchen.de\/home\/wp-json\/wp\/v2\/users\/1"}],"replies":[{"embeddable":true,"href":"https:\/\/www.gti-muenchen.de\/home\/wp-json\/wp\/v2\/comments?post=289"}],"version-history":[{"count":8,"href":"https:\/\/www.gti-muenchen.de\/home\/wp-json\/wp\/v2\/pages\/289\/revisions"}],"predecessor-version":[{"id":448,"href":"https:\/\/www.gti-muenchen.de\/home\/wp-json\/wp\/v2\/pages\/289\/revisions\/448"}],"wp:featuredmedia":[{"embeddable":true,"href":"https:\/\/www.gti-muenchen.de\/home\/wp-json\/wp\/v2\/media\/699"}],"wp:attachment":[{"href":"https:\/\/www.gti-muenchen.de\/home\/wp-json\/wp\/v2\/media?parent=289"}],"curies":[{"name":"wp","href":"https:\/\/api.w.org\/{rel}","templated":true}]}}