{"id":244,"date":"2016-05-25T14:57:17","date_gmt":"2016-05-25T12:57:17","guid":{"rendered":"http:\/\/wp.gti-muenchen.de\/?page_id=244"},"modified":"2016-07-13T16:46:18","modified_gmt":"2016-07-13T14:46:18","slug":"test-und-absicherung","status":"publish","type":"page","link":"https:\/\/www.gti-muenchen.de\/home\/ingenieurleistungen\/test-und-absicherung\/","title":{"rendered":"Test und Absicherung"},"content":{"rendered":"<p>Vom Test eines Software-Moduls bis zum Abnahme-Test des Gesamtsystems &#8211; die GTI bietet Ihnen Unterst\u00fctzung f\u00fcr die Absicherung Ihrer Entwicklungsergebnisse. Das Angebot umfasst die Pr\u00fcfung von Software und Systemen.<\/p>\n<p>Die Qualit\u00e4t von Software und Systemen wird stufenweise und methodisch gesichert.<\/p>\n<ul>\n<li>Modul-Test &#8211; Software-Einheiten werden mit geeigneten und laufend verfeinerten SIL-Infrastrukturen gepr\u00fcft. Je nach geforderter Testtiefe werden \u00dcberdeckungstests bis zur C3-Absicherung erstellt. Nach jeder \u00c4nderung werden diese Tests automatisiert durchlaufen.<\/li>\n<li>Integrationstest &#8211; die Systemfunktion wird durch den Systemtest abgesichert. Der Systempr\u00fcfplan wird auf einem SIL- oder HIL-System implementiert, wobei auf Reproduzierbarkeit und Revisionssicherheit geachtet wird.<\/li>\n<li>Reviews &#8211; neben traditionellen Reviews setzen wir zur Pr\u00fcfung von Richtlinien und Vorgaben Werkzeuge zur statischen Analyse und Verifikation ein (z.B. QAC, Polyspace).<\/li>\n<li>Systemtest und Testumgebungen\u00a0 &#8211; wir unterst\u00fctzen Sie beim Aufbau Ihrer eigenen Infrastruktur oder f\u00fchren Tests in unserem Haus durch.<\/li>\n<\/ul>\n<p>Wir entwickeln komplette Testsysteme in Hard- und Software passend zu Ihren Anforderungen oder f\u00fchren Systemtests in unserem Haus durch.<\/p>\n<ul>\n<li>Testplanung &#8211; Aus dem System-Lastenheft, den Systemspezifikationen und den Qualit\u00e4tsvorgaben entsteht ein Testplan mit klar definierten Zielen.<\/li>\n<li>Testumgebung &#8211; Wir konzipieren die passende Testumgebung. Dabei achten wir darauf, dass Pr\u00fcfabl\u00e4ufe flexibel konfiguriert werden k\u00f6nnen. Bei Bedarf bauen wir Ihre Testumgebung auf.<\/li>\n<li>Testdokumentation &#8211; Wir sorgen daf\u00fcr, dass Sie auf Ihre Testdaten rasch zugreifen k\u00f6nenen. Dabei setzen wir Testdatenbanken ein oder erstellen geeignete Testprotokolle.<\/li>\n<\/ul>\n","protected":false},"excerpt":{"rendered":"<p>Vom Test eines Software-Moduls bis zum Abnahme-Test des Gesamtsystems &#8211; die GTI bietet Ihnen Unterst\u00fctzung f\u00fcr die Absicherung Ihrer Entwicklungsergebnisse. Das Angebot umfasst die Pr\u00fcfung von Software und Systemen. Die Qualit\u00e4t von Software und Systemen wird stufenweise und methodisch gesichert. Modul-Test &#8211; Software-Einheiten werden mit geeigneten und laufend verfeinerten SIL-Infrastrukturen gepr\u00fcft. Je nach geforderter Testtiefe [&hellip;]<\/p>\n","protected":false},"author":1,"featured_media":870,"parent":147,"menu_order":0,"comment_status":"closed","ping_status":"closed","template":"page-templates\/front-page.php","meta":{"_mi_skip_tracking":false},"aioseo_notices":[],"_links":{"self":[{"href":"https:\/\/www.gti-muenchen.de\/home\/wp-json\/wp\/v2\/pages\/244"}],"collection":[{"href":"https:\/\/www.gti-muenchen.de\/home\/wp-json\/wp\/v2\/pages"}],"about":[{"href":"https:\/\/www.gti-muenchen.de\/home\/wp-json\/wp\/v2\/types\/page"}],"author":[{"embeddable":true,"href":"https:\/\/www.gti-muenchen.de\/home\/wp-json\/wp\/v2\/users\/1"}],"replies":[{"embeddable":true,"href":"https:\/\/www.gti-muenchen.de\/home\/wp-json\/wp\/v2\/comments?post=244"}],"version-history":[{"count":25,"href":"https:\/\/www.gti-muenchen.de\/home\/wp-json\/wp\/v2\/pages\/244\/revisions"}],"predecessor-version":[{"id":883,"href":"https:\/\/www.gti-muenchen.de\/home\/wp-json\/wp\/v2\/pages\/244\/revisions\/883"}],"up":[{"embeddable":true,"href":"https:\/\/www.gti-muenchen.de\/home\/wp-json\/wp\/v2\/pages\/147"}],"wp:featuredmedia":[{"embeddable":true,"href":"https:\/\/www.gti-muenchen.de\/home\/wp-json\/wp\/v2\/media\/870"}],"wp:attachment":[{"href":"https:\/\/www.gti-muenchen.de\/home\/wp-json\/wp\/v2\/media?parent=244"}],"curies":[{"name":"wp","href":"https:\/\/api.w.org\/{rel}","templated":true}]}}