{"id":14,"date":"2016-05-18T10:46:30","date_gmt":"2016-05-18T08:46:30","guid":{"rendered":"http:\/\/wp.gti-muenchen.de\/?page_id=14"},"modified":"2019-01-17T11:17:00","modified_gmt":"2019-01-17T10:17:00","slug":"home","status":"publish","type":"page","link":"https:\/\/www.gti-muenchen.de\/home\/","title":{"rendered":"Willkommen"},"content":{"rendered":"<p>Wir begr\u00fc\u00dfen Sie bei der <a href=\"\/home\/unternehmen\/unternehmensprofil\/\">Gesellschaft f\u00fcr Technische Informatik<\/a>, dem Entwicklungspartner f\u00fcr Echtzeitsysteme und Embedded Systems.<\/p>\n<p>Ob in der Waschmaschine, im Automobil oder der Bankkarte &#8211; Software ist Bestandteil vieler technischer Produkte. Diese eingebetteten Systeme stehen bei der GTI im Mittelpunkt. Wir sind fasziniert von der Vielfalt der Funktionen, die man mit dieser Technologie verwirklichen kann. Seit vielen Jahren sind wir in der Entwicklung t\u00e4tig und bieten <a href=\"\/home\/ingenieurleistungen\/\">Ingenieurleistungen<\/a> sowie <a href=\"\/home\/kategorie\/produkte\/\">Test- und Entwicklungswerkzeuge<\/a>.<\/p>\n<p>Unsere Kunden kommen aus der Automobilbranche, sowie der Telekommunikation, Chipkartensystemik und Automatisierung.\u00a0 Als anerkannter Partner bieten wir die Entwicklung von <a href=\"\/home\/ingenieurleistungen\/systeme\/\">Systemen<\/a>, <a href=\"\/home\/ingenieurleistungen\/software\/\">Software<\/a> und <a href=\"\/home\/ingenieurleistungen\/hardware\/\">Hardware<\/a>.<\/p>\n","protected":false},"excerpt":{"rendered":"<p>Wir begr\u00fc\u00dfen Sie bei der Gesellschaft f\u00fcr Technische Informatik, dem Entwicklungspartner f\u00fcr Echtzeitsysteme und Embedded Systems. Ob in der Waschmaschine, im Automobil oder der Bankkarte &#8211; Software ist Bestandteil vieler technischer Produkte. Diese eingebetteten Systeme stehen bei der GTI im Mittelpunkt. Wir sind fasziniert von der Vielfalt der Funktionen, die man mit dieser Technologie verwirklichen [&hellip;]<\/p>\n","protected":false},"author":1,"featured_media":700,"parent":0,"menu_order":0,"comment_status":"closed","ping_status":"closed","template":"page-templates\/front-page.php","meta":{"_mi_skip_tracking":false},"aioseo_notices":[],"_links":{"self":[{"href":"https:\/\/www.gti-muenchen.de\/home\/wp-json\/wp\/v2\/pages\/14"}],"collection":[{"href":"https:\/\/www.gti-muenchen.de\/home\/wp-json\/wp\/v2\/pages"}],"about":[{"href":"https:\/\/www.gti-muenchen.de\/home\/wp-json\/wp\/v2\/types\/page"}],"author":[{"embeddable":true,"href":"https:\/\/www.gti-muenchen.de\/home\/wp-json\/wp\/v2\/users\/1"}],"replies":[{"embeddable":true,"href":"https:\/\/www.gti-muenchen.de\/home\/wp-json\/wp\/v2\/comments?post=14"}],"version-history":[{"count":47,"href":"https:\/\/www.gti-muenchen.de\/home\/wp-json\/wp\/v2\/pages\/14\/revisions"}],"predecessor-version":[{"id":940,"href":"https:\/\/www.gti-muenchen.de\/home\/wp-json\/wp\/v2\/pages\/14\/revisions\/940"}],"wp:featuredmedia":[{"embeddable":true,"href":"https:\/\/www.gti-muenchen.de\/home\/wp-json\/wp\/v2\/media\/700"}],"wp:attachment":[{"href":"https:\/\/www.gti-muenchen.de\/home\/wp-json\/wp\/v2\/media?parent=14"}],"curies":[{"name":"wp","href":"https:\/\/api.w.org\/{rel}","templated":true}]}}