{"id":12,"date":"2016-05-18T10:49:07","date_gmt":"2016-05-18T08:49:07","guid":{"rendered":"http:\/\/wp.gti-muenchen.de\/?page_id=12"},"modified":"2016-06-03T13:32:22","modified_gmt":"2016-06-03T11:32:22","slug":"unternehmensprofil","status":"publish","type":"page","link":"https:\/\/www.gti-muenchen.de\/home\/unternehmen\/unternehmensprofil\/","title":{"rendered":"Profil"},"content":{"rendered":"<p>Die Gesellschaft f\u00fcr Technische Informatik entwickelt seit drei\u00dfig Jahren Echtzeitsysteme und zugeh\u00f6rige elektronische Komponenten. Ihre innovativen Soft- und Hardwarel\u00f6sungen werden in der Automobilbranche sowie in Telekommunikations-, Automatisierungs- und Chipkartensystemen genutzt.<\/p>\n<p>Als Entwicklungspartner namhafter Hersteller verf\u00fcgt die Firma GTI \u00fcber gro\u00dfe Erfahrung in der Entwicklung von\u00a0Software und Hardware. Unsere qualifizierten Mitarbeiter sind mit komplexen technischen Problemstellungen vertraut. Wir haben den Anspruch, L\u00f6sungen zu entwickeln, die dauerhaft zur Wertsch\u00f6pfung der Kunden beitragen. Die Firma GTI ist bekannt f\u00fcr enge Zusammenarbeit mit ihren Kunden und die Qualit\u00e4t ihrer Dienstleistungen und Produkte.<\/p>\n<p>Unser Angebot f\u00fcr Embedded Systems umfasst Ingenieurleistungen, Testsysteme und Werkzeuge f\u00fcr die Entwicklung. F\u00fcr End-Of-Production-Projekte bieten wir spezielle Leistungen, die von der Analyse von Altsystemen, \u00fcber komplexe Ingenieurarbeiten an Hardware und Software bis hin zum Abnahmetest reichen.<\/p>\n<p>Technologische Schwerpunkte sind Kommunikationssysteme, Betriebssysteme und Basis-Software. Der Branchenschwerpunkt liegt in der Automobilindustrie.<\/p>\n","protected":false},"excerpt":{"rendered":"<p>Die Gesellschaft f\u00fcr Technische Informatik entwickelt seit drei\u00dfig Jahren Echtzeitsysteme und zugeh\u00f6rige elektronische Komponenten. Ihre innovativen Soft- und Hardwarel\u00f6sungen werden in der Automobilbranche sowie in Telekommunikations-, Automatisierungs- und Chipkartensystemen genutzt. Als Entwicklungspartner namhafter Hersteller verf\u00fcgt die Firma GTI \u00fcber gro\u00dfe Erfahrung in der Entwicklung von\u00a0Software und Hardware. Unsere qualifizierten Mitarbeiter sind mit komplexen technischen Problemstellungen [&hellip;]<\/p>\n","protected":false},"author":1,"featured_media":507,"parent":289,"menu_order":0,"comment_status":"closed","ping_status":"closed","template":"page-templates\/front-page.php","meta":{"_mi_skip_tracking":false},"aioseo_notices":[],"_links":{"self":[{"href":"https:\/\/www.gti-muenchen.de\/home\/wp-json\/wp\/v2\/pages\/12"}],"collection":[{"href":"https:\/\/www.gti-muenchen.de\/home\/wp-json\/wp\/v2\/pages"}],"about":[{"href":"https:\/\/www.gti-muenchen.de\/home\/wp-json\/wp\/v2\/types\/page"}],"author":[{"embeddable":true,"href":"https:\/\/www.gti-muenchen.de\/home\/wp-json\/wp\/v2\/users\/1"}],"replies":[{"embeddable":true,"href":"https:\/\/www.gti-muenchen.de\/home\/wp-json\/wp\/v2\/comments?post=12"}],"version-history":[{"count":27,"href":"https:\/\/www.gti-muenchen.de\/home\/wp-json\/wp\/v2\/pages\/12\/revisions"}],"predecessor-version":[{"id":640,"href":"https:\/\/www.gti-muenchen.de\/home\/wp-json\/wp\/v2\/pages\/12\/revisions\/640"}],"up":[{"embeddable":true,"href":"https:\/\/www.gti-muenchen.de\/home\/wp-json\/wp\/v2\/pages\/289"}],"wp:featuredmedia":[{"embeddable":true,"href":"https:\/\/www.gti-muenchen.de\/home\/wp-json\/wp\/v2\/media\/507"}],"wp:attachment":[{"href":"https:\/\/www.gti-muenchen.de\/home\/wp-json\/wp\/v2\/media?parent=12"}],"curies":[{"name":"wp","href":"https:\/\/api.w.org\/{rel}","templated":true}]}}