{"id":102,"date":"2016-05-20T13:54:35","date_gmt":"2016-05-20T11:54:35","guid":{"rendered":"http:\/\/wp.gti-muenchen.de\/?page_id=102"},"modified":"2018-08-23T13:42:19","modified_gmt":"2018-08-23T11:42:19","slug":"kontakt","status":"publish","type":"page","link":"https:\/\/www.gti-muenchen.de\/home\/kontakt\/","title":{"rendered":"Kontakt"},"content":{"rendered":"<p><strong>Ihre Fragen an uns<\/strong><br \/>\nTel. +49 89 189308-0<br \/>\nE-Mail: <span id=\"cloak17464\"><a href=\"mailto:info@gti-muenchen.de\">info@gti-muenchen.de<\/a><\/span><\/p>\n<p><strong>Unsere Adresse<\/strong><br \/>\nGesellschaft f\u00fcr Technische Informatik mbH<br \/>\nAdelheidstra\u00dfe 6<br \/>\n80798 M\u00fcnchen<\/p>\n<p><strong>Anreise mit \u00f6ffentlichen Verkehrsmitteln<\/strong><br \/>\nU-Bahn Linie 2, Haltestelle &#8222;Josephsplatz&#8220;<br \/>\nBuslinien 153, 154, Haltestelle &#8222;Josephsplatz&#8220;<\/p>\n<p><!-- MVV Link start --><a href=\"http:\/\/www.mvv-muenchen.de\/cgi-bin\/waypoint\/waypoint\/4536.html\" rel=\"nofollow\" target=\"_blank\"><img decoding=\"async\" loading=\"lazy\" src=\"http:\/\/www.mvv-muenchen.de\/waypoint\/MVV-WEG-kl.gif\" alt=\"MVV - f\u00fcr Ihre Homepage\" width=\"130\" height=\"50\" border=\"0\" \/><\/a><!-- MVV Link end --><\/p>\n<p><strong>Anfahrt mit dem PKW<\/strong><br \/>\nMit dem PKW vom MIttleren Ring in die Schlei\u00dfheimer Stra\u00dfe Richtung Innenstadt abbiegen. An der Georgenstra\u00dfe (Maxvorstadt) links abbiegen. An der Kreuzung Adelheidstra\u00dfe rechts.<\/p>\n<p><iframe loading=\"lazy\" style=\"border: 0;\" src=\"https:\/\/www.google.com\/maps\/embed?pb=!1m14!1m8!1m3!1d5323.255334877613!2d11.567475!3d48.155983!3m2!1i1024!2i768!4f13.1!3m3!1m2!1s0x479e75dd66af3c2d%3A0x3deaba3768f6b378!2sGTI-Gesellschaft+f%C3%BCr+Technische+Informatik+mbH!5e0!3m2!1sde!2sde!4v1464608452378\" width=\"400\" height=\"225\" frameborder=\"0\" allowfullscreen=\"allowfullscreen\"><\/iframe><\/p>\n","protected":false},"excerpt":{"rendered":"<p>Ihre Fragen an uns Tel. +49 89 189308-0 E-Mail: info@gti-muenchen.de Unsere Adresse Gesellschaft f\u00fcr Technische Informatik mbH Adelheidstra\u00dfe 6 80798 M\u00fcnchen Anreise mit \u00f6ffentlichen Verkehrsmitteln U-Bahn Linie 2, Haltestelle &#8222;Josephsplatz&#8220; Buslinien 153, 154, Haltestelle &#8222;Josephsplatz&#8220; Anfahrt mit dem PKW Mit dem PKW vom MIttleren Ring in die Schlei\u00dfheimer Stra\u00dfe Richtung Innenstadt abbiegen. An der Georgenstra\u00dfe [&hellip;]<\/p>\n","protected":false},"author":1,"featured_media":319,"parent":0,"menu_order":0,"comment_status":"closed","ping_status":"closed","template":"page-templates\/front-page.php","meta":{"_mi_skip_tracking":false},"aioseo_notices":[],"_links":{"self":[{"href":"https:\/\/www.gti-muenchen.de\/home\/wp-json\/wp\/v2\/pages\/102"}],"collection":[{"href":"https:\/\/www.gti-muenchen.de\/home\/wp-json\/wp\/v2\/pages"}],"about":[{"href":"https:\/\/www.gti-muenchen.de\/home\/wp-json\/wp\/v2\/types\/page"}],"author":[{"embeddable":true,"href":"https:\/\/www.gti-muenchen.de\/home\/wp-json\/wp\/v2\/users\/1"}],"replies":[{"embeddable":true,"href":"https:\/\/www.gti-muenchen.de\/home\/wp-json\/wp\/v2\/comments?post=102"}],"version-history":[{"count":31,"href":"https:\/\/www.gti-muenchen.de\/home\/wp-json\/wp\/v2\/pages\/102\/revisions"}],"predecessor-version":[{"id":270,"href":"https:\/\/www.gti-muenchen.de\/home\/wp-json\/wp\/v2\/pages\/102\/revisions\/270"}],"wp:featuredmedia":[{"embeddable":true,"href":"https:\/\/www.gti-muenchen.de\/home\/wp-json\/wp\/v2\/media\/319"}],"wp:attachment":[{"href":"https:\/\/www.gti-muenchen.de\/home\/wp-json\/wp\/v2\/media?parent=102"}],"curies":[{"name":"wp","href":"https:\/\/api.w.org\/{rel}","templated":true}]}}